{"id":1364,"date":"2019-05-29T08:56:38","date_gmt":"2019-05-29T06:56:38","guid":{"rendered":"http:\/\/clubchicane.fr\/?page_id=1364"},"modified":"2019-06-05T15:02:05","modified_gmt":"2019-06-05T13:02:05","slug":"culte","status":"publish","type":"page","link":"https:\/\/clubchicane.fr\/index.php\/culte\/","title":{"rendered":"Culte"},"content":{"rendered":"\n<h3>La bagnole \u00e0 l&#8217;\u00e9cran dans des sc\u00e8nes cultes&#8230;<\/h3>\n<p>Vous avez envie de partager avec nous vos sc\u00e8nes cultes, <span style=\"text-decoration: underline;\"><strong><a href=\"http:\/\/clubchicane.fr\/index.php\/contacter-club-chicane\/\">d\u00eetes le nous !<\/a><\/strong><\/span><\/p>\n<hr \/>\n<p><strong>C&#8217;\u00e9tait un rendez-vous (1976)<\/strong><br \/>une travers\u00e9e de Paris \u00e0 grande vitesse, r\u00e9alis\u00e9e en un seul plan s\u00e9quence, film\u00e9 depuis l&#8217;avant d&#8217;une voiture, au petit matin (5 h 30) le 15 ao\u00fbt 1976&#8230;<\/p>\n<p>Claude Lelouch a donn\u00e9 de nombreux d\u00e9tails sur la r\u00e9alisation. Il pilotait sa propre voiture, une Mercedes-Benz 450SEL 6.9, choisie pour sa suspension hydropneumatique afin de disposer d&#8217;une &#8220;image souple&#8221;, au pare-choc de laquelle \u00e9tait fix\u00e9e la cam\u00e9ra 35 <abbr class=\"abbr\" title=\"millim\u00e8tre\">mm<\/abbr> \u00c9clair \u00e0 objectif grand angle. Il a ensuite refait la bande son avec une Ferrari pour que &#8220;les fans de conduite sentent la puissance du moteur&#8221;. Lelouch indique avoir atteint les <span title=\"55,5556 m\/s\">200<\/span>\u00a0<abbr class=\"abbr\" title=\"kilom\u00e8tre par heure\">km\/h<\/abbr> dans la longue ligne droite de l&#8217;avenue Foch, mesurant un peu plus d&#8217;un kilom\u00e8tre&#8230;<\/p>\n<p><iframe title=\"\u30d1\u30ea \u305f\u3076\u3093\u30d5\u30a7\u30e9\u30fc\u30ea\u3000\u30b7\u30e7\u30fc\u30c8\u30e0\u30fc\u30d3\u30fc\" width=\"900\" height=\"675\" src=\"https:\/\/www.youtube.com\/embed\/Mbe2JrD2FqQ?feature=oembed\" frameborder=\"0\" allow=\"accelerometer; autoplay; encrypted-media; gyroscope; picture-in-picture\" allowfullscreen><\/iframe><\/p>\n<hr \/>\n<p><strong>Starsky et hutch<\/strong><br \/>Vous vous rappelez vos dimanches apr\u00e8s-midi&#8230;.<br \/>Paul Michael Glaser (Starsky), David Soul (Hutch), Bernie Hamilton (Capitaine Dobey), Antonio Fargas (Huggy \u00ab les bons tuyaux \u00bb) et une Ford Gran Torino !<small><\/small><\/p>\n<p><iframe title=\"Serie TV - Starsky et Hutch - Saison 4 - Generique\" width=\"900\" height=\"675\" src=\"https:\/\/www.youtube.com\/embed\/pLp-uh5ixD8?feature=oembed\" frameborder=\"0\" allow=\"accelerometer; autoplay; encrypted-media; gyroscope; picture-in-picture\" allowfullscreen><\/iframe><\/p>\n<hr \/>\n<p><strong>Le Corniaud (1965) &#8230;<\/strong><br \/>De G\u00e9rad Oury avec Louis De Fun\u00e8s, Bourvil, une Rolls et une 2cv&#8230; L\u00e9gendaire !<\/p>\n<p><iframe title=\"Le Corniaud\" width=\"900\" height=\"506\" src=\"https:\/\/www.youtube.com\/embed\/jbBuoDTnvkw?feature=oembed\" frameborder=\"0\" allow=\"accelerometer; autoplay; encrypted-media; gyroscope; picture-in-picture\" allowfullscreen><\/iframe><\/p>\n<hr \/>\n<p><strong>French Connection (1972)<\/strong><br \/><span class=\"st\">Film r\u00e9alis\u00e9 par William Friedkin avec Gene Hackman, Roy Scheider. Synopsis : Deux flics des stups, Buddy Russo et Jimmy Doyle, &#8230; et encore une sc\u00e8ne culte de poursuite automobile dans les rues de New-York<\/span><\/p>\n<p><iframe title=\"The French Connection (4\/5) Movie CLIP - Chasing the Train (1971) HD\" width=\"900\" height=\"506\" src=\"https:\/\/www.youtube.com\/embed\/2TVyJ-51jzc?feature=oembed\" frameborder=\"0\" allow=\"accelerometer; autoplay; encrypted-media; gyroscope; picture-in-picture\" allowfullscreen><\/iframe><\/p>\n<hr \/>\n<p><strong>Ari Vatanen en Peugeot 405 T16<br \/><\/strong><strong>sur la c\u00e9l\u00e8bre Pikes Peak International Hill Climb.<br \/>Un film de Jean Louis Mourney<\/strong><\/p>\n<p><iframe title=\"Climb Dance\" width=\"900\" height=\"506\" src=\"https:\/\/www.youtube.com\/embed\/-PZ5J3GLSYI?feature=oembed\" frameborder=\"0\" allow=\"accelerometer; autoplay; encrypted-media; gyroscope; picture-in-picture\" allowfullscreen><\/iframe><\/p>\n<hr \/>\n<p><strong>Jacques Lafitte en Ferrari F40 LM sur le circuit du Mas du Clos<\/strong><br \/><strong>Emission &#8220;Turbo&#8221; (26\/12\/1992)<\/strong><\/p>\n<p><iframe title=\"Ferrari F40 LM  (HD)\" width=\"900\" height=\"675\" src=\"https:\/\/www.youtube.com\/embed\/NYYA2jE3Ze0?feature=oembed\" frameborder=\"0\" allow=\"accelerometer; autoplay; encrypted-media; gyroscope; picture-in-picture\" allowfullscreen><\/iframe><\/p>\n<hr \/>\n<p><strong>Bullit ! La sc\u00e8ne poursuite la plus iconique du cin\u00e9ma avec le non moins iconique Steve McQueen.<\/strong><br \/><strong>Un film de Peter Yates de 1968<\/strong><\/p>\n<p><iframe title=\"Greatest Hollywood Car Chase of All Time\" width=\"900\" height=\"506\" src=\"https:\/\/www.youtube.com\/embed\/FJZ-BHBKyos?feature=oembed\" frameborder=\"0\" allow=\"accelerometer; autoplay; encrypted-media; gyroscope; picture-in-picture\" allowfullscreen><\/iframe><\/p>\n<hr \/>\n<p><strong>The Persuaders ou chez nous Amicalement v\u00f4tre.<\/strong><br \/>Roger Moore : Lord Brett Sinclair \u00abSa Majest\u00e9\u00bb et Tony Curtis : Daniel \u00abDanny\u00bb Wilde respectivement en Aston Martin DBS et Ferrari Dino 246 GT.<br \/>Musique de John Barry et une s\u00e9rie cr\u00e9\u00e9e par Robert S. Baker, diffus\u00e9e \u00e0 partir de 1971.<\/p>\n<p><iframe title=\"Amicalement Votre (G\u00e9n\u00e9rique) - The Persuaders (opening)\" width=\"900\" height=\"506\" src=\"https:\/\/www.youtube.com\/embed\/TReVaAxoEYg?feature=oembed\" frameborder=\"0\" allow=\"accelerometer; autoplay; encrypted-media; gyroscope; picture-in-picture\" allowfullscreen><\/iframe><\/p>\n<hr \/>\n<p><strong>Lino Ventura et Michel Constantin en R8 Gordini<\/strong> <br \/>dans le film de Georges Lautner &#8220;Ne nous f\u00e2chons pas&#8221; (1966)&#8230; &#8220;Quand je conduis pas, j&#8217;ai peur&#8230;&#8221;<\/p>\n<p><iframe title=\"Lino Ventura et Michel Constantin dans &quot;Ne nous f\u00e2chons pas&quot; de Georges Lautner\" width=\"900\" height=\"506\" src=\"https:\/\/www.youtube.com\/embed\/HvTAc3bx6vQ?feature=oembed\" frameborder=\"0\" allow=\"accelerometer; autoplay; encrypted-media; gyroscope; picture-in-picture\" allowfullscreen><\/iframe><\/p>\n<hr \/>\n<p><strong>Encore Steve McQueen mais cette fois-ci dans le film &#8220;Le Mans&#8221; (1971)<\/strong><\/p>\n<p><iframe title=\"STEVE MC QUEEN PILOTE AU MANS 1971\" width=\"900\" height=\"506\" src=\"https:\/\/www.youtube.com\/embed\/5ntHWTJN8ME?feature=oembed\" frameborder=\"0\" allow=\"accelerometer; autoplay; encrypted-media; gyroscope; picture-in-picture\" allowfullscreen><\/iframe><\/p>\n<hr \/>\n<p>Notre Bebel national dans &#8220;Le Marginal&#8221; (1983) \u00e0 bord d&#8217;une <span style=\"text-decoration: underline;\"><strong><a href=\"http:\/\/www.classic-affairs.com\/index.php\/fr\/news-fr\/item\/59-mustang-le-marginal\" target=\"_blank\" rel=\"noopener noreferrer\">Mustang un peu sp\u00e9ciale transform\u00e9e par R\u00e9mi Julienne&#8230;<\/a><\/strong><\/span><\/p>\n<p><iframe title=\"Kavinsky - Roadgame (juju clip)\" width=\"900\" height=\"675\" src=\"https:\/\/www.youtube.com\/embed\/zvo1lsx5EFU?feature=oembed\" frameborder=\"0\" allow=\"accelerometer; autoplay; encrypted-media; gyroscope; picture-in-picture\" allowfullscreen><\/iframe><\/p>\n","protected":false},"excerpt":{"rendered":"<p>La bagnole \u00e0 l&#8217;\u00e9cran dans des sc\u00e8nes cultes&#8230; Vous avez envie de partager avec nous vos sc\u00e8nes cultes, d\u00eetes le nous ! C&#8217;\u00e9tait un rendez-vous (1976)une travers\u00e9e de Paris \u00e0 grande vitesse, r\u00e9alis\u00e9e en un seul plan s\u00e9quence, film\u00e9 depuis l&#8217;avant d&#8217;une voiture, au petit matin (5 h 30) le 15 ao\u00fbt 1976&#8230; Claude Lelouch [&hellip;]<\/p>\n","protected":false},"author":1,"featured_media":0,"parent":0,"menu_order":0,"comment_status":"closed","ping_status":"closed","template":"","meta":[],"_links":{"self":[{"href":"https:\/\/clubchicane.fr\/index.php\/wp-json\/wp\/v2\/pages\/1364"}],"collection":[{"href":"https:\/\/clubchicane.fr\/index.php\/wp-json\/wp\/v2\/pages"}],"about":[{"href":"https:\/\/clubchicane.fr\/index.php\/wp-json\/wp\/v2\/types\/page"}],"author":[{"embeddable":true,"href":"https:\/\/clubchicane.fr\/index.php\/wp-json\/wp\/v2\/users\/1"}],"replies":[{"embeddable":true,"href":"https:\/\/clubchicane.fr\/index.php\/wp-json\/wp\/v2\/comments?post=1364"}],"version-history":[{"count":12,"href":"https:\/\/clubchicane.fr\/index.php\/wp-json\/wp\/v2\/pages\/1364\/revisions"}],"predecessor-version":[{"id":1384,"href":"https:\/\/clubchicane.fr\/index.php\/wp-json\/wp\/v2\/pages\/1364\/revisions\/1384"}],"wp:attachment":[{"href":"https:\/\/clubchicane.fr\/index.php\/wp-json\/wp\/v2\/media?parent=1364"}],"curies":[{"name":"wp","href":"https:\/\/api.w.org\/{rel}","templated":true}]}}