{"id":71,"date":"2019-01-09T14:07:46","date_gmt":"2019-01-09T13:07:46","guid":{"rendered":"http:\/\/clubchicane.fr\/?page_id=71"},"modified":"2020-04-01T10:19:23","modified_gmt":"2020-04-01T08:19:23","slug":"club-chicane-a-rencontre","status":"publish","type":"page","link":"https:\/\/clubchicane.fr\/index.php\/club-chicane-a-rencontre\/","title":{"rendered":"Club Chicane vous raconte&#8230;"},"content":{"rendered":"\r\n<h3>Depuis la cr\u00e9ation du Club Chicane, nous essayons de partir \u00e0 la d\u00e9couverte de personnages singuliers, de lieux in\u00e9dits, de professionnels passionn\u00e9s, d&#8217;histoires particuli\u00e8res&#8230;<\/h3>\r\n<p>Partager nos exp\u00e9riences avec vous, c&#8217;est d\u00e9j\u00e0 bien mais nous comptons aussi sur vous pour \u00e9tayer cette rubrique.<\/p>\r\n<blockquote>\r\n<p>Alors si vous avez envie de partager votre histoire avec nos lecteurs, n&#8217;h\u00e9sitez pas \u00e0 <a href=\"http:\/\/clubchicane.fr\/index.php\/contacter-club-chicane\/\"><em><strong>nous contacter<\/strong><\/em><\/a> !<\/p>\r\n<\/blockquote>\r\n<hr \/>\r\n<p>&nbsp;<\/p>\r\n<div class='container-fluid rt-tpg-container rt-tpg-container-132 ' data-sc-id='132' id='rt-tpg-container-49719760'><div class='rt-row rt-content-loader layout1'><style type='text\/css' media='all'>#rt-tpg-container-49719760 .rt-detail i,\n                        #rt-tpg-container-49719760 .rt-detail .post-meta-user a,\n                        #rt-tpg-container-49719760 .rt-detail .post-meta-category a{color:#020000;}body .rt-tpg-container .rt-tpg-isotope-buttons .selected{background-color:#020000;}#rt-tpg-container-49719760 .pagination li a,\n                #rt-tpg-container-49719760 .rt-tpg-isotope-buttons button,\n                #rt-tpg-container-49719760 .rt-detail .read-more a{background-color:#dd3333;}#rt-tpg-container-49719760 .pagination li a:hover,\n                        #rt-tpg-container-49719760 .rt-tpg-isotope-buttons button:hover,\n                        #rt-tpg-container-49719760 .rt-detail .read-more a:hover{background-color:#dd3333;}#rt-tpg-container-49719760 .pagination li.active span, \n                            #rt-tpg-container-49719760 .rt-tpg-isotope-buttons button.selected{background-color:#d8d8d8;}#rt-tpg-container-49719760 .pagination li a,\n                        #rt-tpg-container-49719760 .rt-tpg-isotope-buttons button,\n                        #rt-tpg-container-49719760 .rt-detail .read-more a{color:#ffffff;}#rt-tpg-container-49719760 .rt-detail h2.entry-title a,\n                         #rt-tpg-container-49719760 .rt-detail h3.entry-title a,\n                         #rt-tpg-container-49719760 .rt-detail h4.entry-title a{color:#dd3333;}<\/style><div class=\"rt-col-lg-4 rt-col-md-4 rt-col-sm-6 rt-col-xs-12 rt-equal-height\" data-id=\"1583\"><div class=\"rt-holder\"><div class=\"rt-img-holder\"><a href=\"https:\/\/clubchicane.fr\/index.php\/2020\/04\/01\/la-renault-torino\/\"><img class=\"img-responsive\" src=\"https:\/\/clubchicane.fr\/wp-content\/uploads\/2020\/02\/renault_torino-150x150.jpg\" alt=\"La Renault Torino\"><\/a><\/div> <div class=\"rt-detail\"><h2 class=\"entry-title\"><a href=\"https:\/\/clubchicane.fr\/index.php\/2020\/04\/01\/la-renault-torino\/\">La Renault Torino<\/a><\/h2><div class='post-meta-user'><span class='date'><i class='fa fa-calendar'><\/i>1 avril 2020<\/span><span class='categories-links'><i class='fa fa-folder-open-o'><\/i><a href=\"https:\/\/clubchicane.fr\/index.php\/category\/rencontres\/\" rel=\"tag\">rencontres<\/a><\/span><\/div><div class='post-content'>D\u00e9couverte au salon R\u00e9tromobile 2020, nous avions envie d&#8217;en savoir plus ...<\/div><div class='post-meta'><div class=\"read-more\"><a href=\"https:\/\/clubchicane.fr\/index.php\/2020\/04\/01\/la-renault-torino\/\">Voir la suite<\/a><\/div><\/div><\/div><\/div><\/div><div class=\"rt-col-lg-4 rt-col-md-4 rt-col-sm-6 rt-col-xs-12 rt-equal-height\" data-id=\"1615\"><div class=\"rt-holder\"><div class=\"rt-img-holder\"><a href=\"https:\/\/clubchicane.fr\/index.php\/2019\/11\/14\/pilote-de-legende-ken-miles\/\"><img class=\"img-responsive\" src=\"https:\/\/clubchicane.fr\/wp-content\/uploads\/2019\/10\/Ken-Miles-3-photo-1-150x150.jpg\" alt=\"Pilote de l\u00e9gende : Ken Miles\"><\/a><\/div> <div class=\"rt-detail\"><h2 class=\"entry-title\"><a href=\"https:\/\/clubchicane.fr\/index.php\/2019\/11\/14\/pilote-de-legende-ken-miles\/\">Pilote de l\u00e9gende : Ken Miles<\/a><\/h2><div class='post-meta-user'><span class='date'><i class='fa fa-calendar'><\/i>14 novembre 2019<\/span><span class='categories-links'><i class='fa fa-folder-open-o'><\/i><a href=\"https:\/\/clubchicane.fr\/index.php\/category\/rencontres\/\" rel=\"tag\">rencontres<\/a><\/span><\/div><div class='post-content'>Le 13 novembre 2019 est sorti en France, le film de James Mangold, Le Mans 66, ...<\/div><div class='post-meta'><div class=\"read-more\"><a href=\"https:\/\/clubchicane.fr\/index.php\/2019\/11\/14\/pilote-de-legende-ken-miles\/\">Voir la suite<\/a><\/div><\/div><\/div><\/div><\/div><div class=\"rt-col-lg-4 rt-col-md-4 rt-col-sm-6 rt-col-xs-12 rt-equal-height\" data-id=\"1405\"><div class=\"rt-holder\"><div class=\"rt-img-holder\"><a href=\"https:\/\/clubchicane.fr\/index.php\/2019\/10\/31\/work-in-progress\/\"><img class=\"img-responsive\" src=\"https:\/\/clubchicane.fr\/wp-content\/uploads\/2019\/10\/914ibiza-150x150.jpg\" alt=\"Work in progress\"><\/a><\/div> <div class=\"rt-detail\"><h2 class=\"entry-title\"><a href=\"https:\/\/clubchicane.fr\/index.php\/2019\/10\/31\/work-in-progress\/\">Work in progress<\/a><\/h2><div class='post-meta-user'><span class='date'><i class='fa fa-calendar'><\/i>31 octobre 2019<\/span><span class='categories-links'><i class='fa fa-folder-open-o'><\/i><a href=\"https:\/\/clubchicane.fr\/index.php\/category\/rencontres\/\" rel=\"tag\">rencontres<\/a><\/span><\/div><div class='post-content'>Un choix anti-conformiste Acheter une 914 est un choix plut\u00f4t anti.  ...<\/div><div class='post-meta'><div class=\"read-more\"><a href=\"https:\/\/clubchicane.fr\/index.php\/2019\/10\/31\/work-in-progress\/\">Voir la suite<\/a><\/div><\/div><\/div><\/div><\/div><div class=\"rt-col-lg-4 rt-col-md-4 rt-col-sm-6 rt-col-xs-12 rt-equal-height\" data-id=\"1631\"><div class=\"rt-holder\"><div class=\"rt-img-holder\"><a href=\"https:\/\/clubchicane.fr\/index.php\/2019\/06\/01\/hunt-vs-lauda\/\"><img class=\"img-responsive\" src=\"https:\/\/clubchicane.fr\/wp-content\/uploads\/2020\/04\/Unknown-150x150.jpeg\" alt=\"Hunt vs Lauda\"><\/a><\/div> <div class=\"rt-detail\"><h2 class=\"entry-title\"><a href=\"https:\/\/clubchicane.fr\/index.php\/2019\/06\/01\/hunt-vs-lauda\/\">Hunt vs Lauda<\/a><\/h2><div class='post-meta-user'><span class='date'><i class='fa fa-calendar'><\/i>1 juin 2019<\/span><span class='categories-links'><i class='fa fa-folder-open-o'><\/i><a href=\"https:\/\/clubchicane.fr\/index.php\/category\/non-classe\/\" rel=\"tag\">Non class\u00e9<\/a>, <a href=\"https:\/\/clubchicane.fr\/index.php\/category\/rencontres\/\" rel=\"tag\">rencontres<\/a><\/span><\/div><div class='post-content'>Chaque d\u00e9cennie en sport automobile, et particuli\u00e8rement en Formule 1, nous ...<\/div><div class='post-meta'><div class=\"read-more\"><a href=\"https:\/\/clubchicane.fr\/index.php\/2019\/06\/01\/hunt-vs-lauda\/\">Voir la suite<\/a><\/div><\/div><\/div><\/div><\/div><div class=\"rt-col-lg-4 rt-col-md-4 rt-col-sm-6 rt-col-xs-12 rt-equal-height\" data-id=\"1593\"><div class=\"rt-holder\"><div class=\"rt-img-holder\"><a href=\"https:\/\/clubchicane.fr\/index.php\/2019\/03\/06\/apres-le-deces-de-jean-michel-coll-le-monde-de-lautomobile-est-triste-aujourdhui\/\"><img class=\"img-responsive\" src=\"https:\/\/clubchicane.fr\/wp-content\/uploads\/2019\/10\/Nuit_Long_Capots-013-700x467-1-150x150.jpg\" alt=\"Le monde de l\u2019automobile est triste aujourd\u2019hui\u2026\"><\/a><\/div> <div class=\"rt-detail\"><h2 class=\"entry-title\"><a href=\"https:\/\/clubchicane.fr\/index.php\/2019\/03\/06\/apres-le-deces-de-jean-michel-coll-le-monde-de-lautomobile-est-triste-aujourdhui\/\">Le monde de l\u2019automobile est triste aujourd\u2019hui\u2026<\/a><\/h2><div class='post-meta-user'><span class='date'><i class='fa fa-calendar'><\/i>6 mars 2019<\/span><span class='categories-links'><i class='fa fa-folder-open-o'><\/i><a href=\"https:\/\/clubchicane.fr\/index.php\/category\/non-classe\/\" rel=\"tag\">Non class\u00e9<\/a>, <a href=\"https:\/\/clubchicane.fr\/index.php\/category\/rencontres\/\" rel=\"tag\">rencontres<\/a><\/span><\/div><div class='post-content'>\u00c0 la suite du\u00a0d\u00e9c\u00e8s de Jean-Michel Coll, le lundi 4\u00a0mars 2019, ses amis de l& ...<\/div><div class='post-meta'><div class=\"read-more\"><a href=\"https:\/\/clubchicane.fr\/index.php\/2019\/03\/06\/apres-le-deces-de-jean-michel-coll-le-monde-de-lautomobile-est-triste-aujourdhui\/\">Voir la suite<\/a><\/div><\/div><\/div><\/div><\/div><div class=\"rt-col-lg-4 rt-col-md-4 rt-col-sm-6 rt-col-xs-12 rt-equal-height\" data-id=\"1239\"><div class=\"rt-holder\"><div class=\"rt-img-holder\"><a href=\"https:\/\/clubchicane.fr\/index.php\/2019\/02\/06\/histoire-de-bagnoles-olivier\/\"><img class=\"img-responsive\" src=\"https:\/\/clubchicane.fr\/wp-content\/uploads\/2019\/02\/914_bandeau-150x150.jpg\" alt=\"Histoire de bagnoles : Olivier\"><\/a><\/div> <div class=\"rt-detail\"><h2 class=\"entry-title\"><a href=\"https:\/\/clubchicane.fr\/index.php\/2019\/02\/06\/histoire-de-bagnoles-olivier\/\">Histoire de bagnoles : Olivier<\/a><\/h2><div class='post-meta-user'><span class='date'><i class='fa fa-calendar'><\/i>6 f\u00e9vrier 2019<\/span><span class='categories-links'><i class='fa fa-folder-open-o'><\/i><a href=\"https:\/\/clubchicane.fr\/index.php\/category\/rencontres\/\" rel=\"tag\">rencontres<\/a><\/span><\/div><div class='post-content'>Et si vous nous racontiez votre histoire automobile... Juste pour le plaisir ...<\/div><div class='post-meta'><div class=\"read-more\"><a href=\"https:\/\/clubchicane.fr\/index.php\/2019\/02\/06\/histoire-de-bagnoles-olivier\/\">Voir la suite<\/a><\/div><\/div><\/div><\/div><\/div><div class=\"rt-col-lg-4 rt-col-md-4 rt-col-sm-6 rt-col-xs-12 rt-equal-height\" data-id=\"121\"><div class=\"rt-holder\"><div class=\"rt-img-holder\"><a href=\"https:\/\/clubchicane.fr\/index.php\/2019\/01\/09\/rencontre-1\/\"><img class=\"img-responsive\" src=\"https:\/\/clubchicane.fr\/wp-content\/uploads\/2019\/01\/66-Mustang-rght-frnt-150x150.jpg\" alt=\"Mustang coup\u00e9 1966\"><\/a><\/div> <div class=\"rt-detail\"><h2 class=\"entry-title\"><a href=\"https:\/\/clubchicane.fr\/index.php\/2019\/01\/09\/rencontre-1\/\">Mustang coup\u00e9 1966<\/a><\/h2><div class='post-meta-user'><span class='date'><i class='fa fa-calendar'><\/i>9 janvier 2019<\/span><span class='categories-links'><i class='fa fa-folder-open-o'><\/i><a href=\"https:\/\/clubchicane.fr\/index.php\/category\/rencontres\/\" rel=\"tag\">rencontres<\/a><\/span><\/div><div class='post-content'>On ne pr\u00e9sente plus cette ic\u00f4ne de l&#8217;automobile. Une v\u00e9ritable l\u00e9gende\u00e9 ...<\/div><div class='post-meta'><div class=\"read-more\"><a href=\"https:\/\/clubchicane.fr\/index.php\/2019\/01\/09\/rencontre-1\/\">Voir la suite<\/a><\/div><\/div><\/div><\/div><\/div><\/div><\/div>\r\n","protected":false},"excerpt":{"rendered":"<p>Depuis la cr\u00e9ation du Club Chicane, nous essayons de partir \u00e0 la d\u00e9couverte de personnages singuliers, de lieux in\u00e9dits, de professionnels passionn\u00e9s, d&#8217;histoires particuli\u00e8res&#8230; Partager nos exp\u00e9riences avec vous, c&#8217;est d\u00e9j\u00e0 bien mais nous comptons aussi sur vous pour \u00e9tayer cette rubrique. Alors si vous avez envie de partager votre histoire avec nos lecteurs, n&#8217;h\u00e9sitez [&hellip;]<\/p>\n","protected":false},"author":1,"featured_media":0,"parent":0,"menu_order":0,"comment_status":"closed","ping_status":"closed","template":"fullwidth.php","meta":[],"_links":{"self":[{"href":"https:\/\/clubchicane.fr\/index.php\/wp-json\/wp\/v2\/pages\/71"}],"collection":[{"href":"https:\/\/clubchicane.fr\/index.php\/wp-json\/wp\/v2\/pages"}],"about":[{"href":"https:\/\/clubchicane.fr\/index.php\/wp-json\/wp\/v2\/types\/page"}],"author":[{"embeddable":true,"href":"https:\/\/clubchicane.fr\/index.php\/wp-json\/wp\/v2\/users\/1"}],"replies":[{"embeddable":true,"href":"https:\/\/clubchicane.fr\/index.php\/wp-json\/wp\/v2\/comments?post=71"}],"version-history":[{"count":8,"href":"https:\/\/clubchicane.fr\/index.php\/wp-json\/wp\/v2\/pages\/71\/revisions"}],"predecessor-version":[{"id":1582,"href":"https:\/\/clubchicane.fr\/index.php\/wp-json\/wp\/v2\/pages\/71\/revisions\/1582"}],"wp:attachment":[{"href":"https:\/\/clubchicane.fr\/index.php\/wp-json\/wp\/v2\/media?parent=71"}],"curies":[{"name":"wp","href":"https:\/\/api.w.org\/{rel}","templated":true}]}}