{"id":76,"date":"2019-01-09T14:16:33","date_gmt":"2019-01-09T13:16:33","guid":{"rendered":"http:\/\/clubchicane.fr\/?page_id=76"},"modified":"2020-04-01T14:31:18","modified_gmt":"2020-04-01T12:31:18","slug":"club-chicane-a-repere","status":"publish","type":"page","link":"https:\/\/clubchicane.fr\/index.php\/club-chicane-a-repere\/","title":{"rendered":"Club Chicane a rep\u00e9r\u00e9&#8230;"},"content":{"rendered":"\r\n<h3>Presse, vid\u00e9os, photos, le Club Chicane vous pr\u00e9sente une partie de ce que nous avons rep\u00e9r\u00e9 sur la toile ou dans la presse.<\/h3>\r\n<hr \/>\r\n<h2><strong>Motosport.tv<\/strong><\/h2>\r\n<p>On se souviendra qu&#8217;en mars 2020 nous \u00e9tions confin\u00e9s \u00e0 la maison pour cause de m\u00e9chant virus plan\u00e9taire&#8230; Pour passer le temps on avait l&#8217;archive du Mans disponible sur Motorsport.tv avec\u00a070 \u00e9pisodes d&#8217;images exclusives :<\/p>\r\n<p><a href=\"https:\/\/motorsport.tv\/program\/24-hours-of-le-mans-the-great-history\/153?fbclid=IwAR16XMnG1n66Tl300SKNvqpkg4zGL8ULQKvUNMgE8sIDeTadYQHxQgCJulI\" target=\"_blank\" rel=\"noopener nofollow noreferrer\" data-ft=\"{&quot;tn&quot;:&quot;-U&quot;}\" data-lynx-mode=\"origin\" data-lynx-uri=\"https:\/\/l.facebook.com\/l.php?u=https%3A%2F%2Fmotorsport.tv%2Fprogram%2F24-hours-of-le-mans-the-great-history%2F153%3Ffbclid%3DIwAR16XMnG1n66Tl300SKNvqpkg4zGL8ULQKvUNMgE8sIDeTadYQHxQgCJulI&amp;h=AT0wuWV9mlWo13pIk8-6R8SbKGXNcSinKmH8bQQKHR5WRrvQAoJOmBDSE8H2nq9WUT_YINNDp9c0C3cm4a2nrEURFxq499FvoSkM0wPx3k3lCs1s5PlH2LmD_HRXTcac6clGiU6sJZnwFjc1oMdrWzI_QheOZZQleucVECReLFFPman-gsUmrKFn5DhOeeR8xMSbMTaWB2Bk5_KA_8mpdpHevTjYfcUa31yzTt3QSjxUohWt3WAOzSlRFXydIhdmLG1FzHSovsBeWJVL3nG40uA-PC04maxewqM0R_FPGrPUQtmqSxTiWCvDaoLYtTGhlj0PiSVtieU3dcVypMZh09nOscaK9qif73Ng_mtYF-WlGn4cbHb2qbarFgB81SrOF73AD2BDdOA3shIDHZL0iqBaxMYkGQzIOXS_lIJdYS16s_vSnycenYS0qOLNwLmZ5mJyfqGtmIoy6_o2efeTEsQq9aVKT64zcWUJUMjoGgyrYnXRgaCyfnmpRyNqM4Q7BJKfvQh7WSk3bAhwu1zluqU19ueWYYcJgpUC-2s2KH1cRTDgzpfukTTo2pLMN80Dq431J1XQXEcV\">https:\/\/motorsport.tv\/program\/24-hours-of-le-mans-the-great-history\/153<\/a><\/p>\r\n<hr \/>\r\n<h2><strong>LE MANS 66<\/strong><\/h2>\r\n<p>Dans les ann\u00e9es 60, les constructeurs Ford et Ferrari se livraient une guerre sans merci. \u00c0 cette \u00e9poque, Henry Ford II reprenait l&#8217;entreprise familiale de son grand-p\u00e8re avec pour objectif d&#8217;imposer les voitures am\u00e9ricaines sur le march\u00e9 europ\u00e9en. Il a \u00e9t\u00e9 assist\u00e9 par Lee Iacocca. La rivalit\u00e9 entre<span class=\"yZlgBd\"> les deux constructeurs connue sont apog\u00e9e lors de la Course du Mans de 1966.<\/span><\/p>\r\n<p><iframe title=\"Le Mans 66 | Bande-Annonce [Officielle] VF HD | 2019\" width=\"900\" height=\"506\" src=\"https:\/\/www.youtube.com\/embed\/maxybmxQuTE?feature=oembed\" frameborder=\"0\" allow=\"accelerometer; autoplay; encrypted-media; gyroscope; picture-in-picture\" allowfullscreen><\/iframe><\/p>\r\n<hr \/>\r\n<h2><strong>Au revoir MONSIEUR Lauda<br \/><\/strong><\/h2>\r\n<p><img src=\"https:\/\/sf1.viepratique.fr\/wp-content\/uploads\/sites\/17\/2019\/05\/niki-lauda-alain-prost-f1-750x410.jpg\" alt=\"\" \/><\/p>\r\n<p>Le quadruple champion du monde de Formule 1 Alain Prost est la derni\u00e8re personnalit\u00e9 de la F1 en date \u00e0 r\u00e9agir \u00e0 la nouvelle du d\u00e9c\u00e8s de Niki Lauda.<\/p>\r\n<p><strong><span style=\"text-decoration: underline;\"><a href=\"https:\/\/f1i.auto-moto.com\/infos\/reaction\/mort-de-lauda\/\" target=\"_blank\" rel=\"noopener noreferrer\">Lire ce tr\u00e8s bel hommage<\/a><\/span><\/strong><\/p>\r\n<hr \/>\r\n<h2><strong>Finale Troph\u00e9e Andros &#8211; 9 f\u00e9vrier 2019<br \/>Stade de France<br \/><\/strong><\/h2>\r\n<div class=\"block block-page edito \">\r\n<div class=\"inside\">\r\n<div><img loading=\"lazy\" class=\" wp-image-1278 alignleft\" src=\"http:\/\/clubchicane.fr\/wp-content\/uploads\/2019\/02\/andros.png\" alt=\"\" width=\"120\" height=\"147\" srcset=\"https:\/\/clubchicane.fr\/wp-content\/uploads\/2019\/02\/andros.png 327w, https:\/\/clubchicane.fr\/wp-content\/uploads\/2019\/02\/andros-245x300.png 245w\" sizes=\"(max-width: 120px) 100vw, 120px\" \/>Les plus grands noms du sport m\u00e9canique se sont donn\u00e9s rendez-vous au Stade de France le 9 f\u00e9vrier \u00e0 l&#8217;occasion du 30\u00e8me anniversaire du Troph\u00e9e Andros.<br \/><br \/>La bataille fera rage <strong>en Elite Pro<\/strong> entre les pilotes des <strong>voitures 100% \u00e9lectriques <\/strong>et les<strong> thermiques<\/strong>:<strong> S\u00e9bastien Loeb, Olivier Panis, Nicolas Prost, Nathana\u00ebl Berthon, Franck Lagorce, Jean-Baptiste Dubourg, Aur\u00e9lien Panis, <\/strong>ainsi qu&#8217;entre ceux de <strong>l&#8217;ENEDIS Troph\u00e9e Andros Electrique<\/strong>: <strong>Franck Montagny, Thomas Laurent, Yann\u00a0Ehrlacher, Julien Andlauer, Anthony Beltoise, Christophe Ferrier<\/strong>\u00a0\u00a0&#8230; et les <strong>20 motards de l&#8217;AMV Cup, <\/strong>tous\u00a0se battront pour remporter la Super Finale et faire le show sur l&#8217;anneau glac\u00e9 de 400 m\u00e8tres. <br \/><br \/>Des pilotes historiques\u00a0: <strong>Alain Prost, Yvan Muller<\/strong>, <strong>Jacques Laffite, Henri Pescarolo, Fran\u00e7ois Chatriot, Bruno Saby,<\/strong>\u00a0&#8230; la jeune g\u00e9n\u00e9ration: <strong>Esteban Ocon,\u00a0Matthieu Vaxivi\u00e8re<\/strong>, &#8230;\u00a0et les personnalit\u00e9s du Troph\u00e9e Andros:\u00a0<strong>Camille Lacourt, Arnaud Ducret, Elodie Gossuin, Michel Sarran,\u00a0St\u00e9phane Plaza<\/strong>\u00a0&#8230; en tout, <strong>plus de 50 pilotes<\/strong><strong>et c\u00e9l\u00e9brit\u00e9s<\/strong> ont r\u00e9pondu pr\u00e9sents \u00e0 l&#8217;invitation de l&#8217;organisateur <strong>Max Mamers<\/strong> pour participer \u00e0 <strong>la grande s\u00e9ance de d\u00e9dicaces<\/strong> ouverte \u00e0 tout d\u00e9tenteur d&#8217;un billet.<strong><br \/><br \/><a href=\"https:\/\/tropheeandrosstadedefrance.com\/index.php\" target=\"_blank\" rel=\"noopener noreferrer\">Site officiel<\/a><br \/><\/strong><\/div>\r\n<\/div>\r\n<\/div>\r\n<p>&#8212;&#8211;<\/p>\r\n<h2><strong>Retromobile &#8211; 6\/10 f\u00e9vrier 2019<br \/><\/strong><\/h2>\r\n<div class=\"block block-page edito \">\r\n<div class=\"inside\">\r\n<div><img loading=\"lazy\" class=\"alignleft wp-image-1219 \" src=\"http:\/\/clubchicane.fr\/wp-content\/uploads\/2019\/01\/Affiche-Retromobile-2019_article_l_retromobile_fre-212x300.jpg\" alt=\"\" width=\"120\" height=\"170\" srcset=\"https:\/\/clubchicane.fr\/wp-content\/uploads\/2019\/01\/Affiche-Retromobile-2019_article_l_retromobile_fre-212x300.jpg 212w, https:\/\/clubchicane.fr\/wp-content\/uploads\/2019\/01\/Affiche-Retromobile-2019_article_l_retromobile_fre.jpg 353w\" sizes=\"(max-width: 120px) 100vw, 120px\" \/><\/div>\r\n<div class=\"block-title\"><strong><span class=\"first-word\">Retromobile<\/span> : l&#8217;\u00e9v\u00e8nement qui fait de Paris la capitale de l&#8217;automobile de collection<\/strong><\/div>\r\n<p><a href=\"https:\/\/www.retromobile.fr\/\" target=\"_blank\" rel=\"noopener noreferrer\"><em>R\u00e9tromobile<\/em><\/a> est le salon des passionn\u00e9s, curieux ou amateurs de voitures anciennes : plus de 600 v\u00e9hicules expos\u00e9s, 600 exposants, 120 clubs, 60 artistes r\u00e9unis dans la plus grande &#8220;Galerie d&#8217;Art&#8221; \u00e9ph\u00e9m\u00e8re au monde d\u00e9di\u00e9e \u00e0 l&#8217;automobile et de nombreuses animations exclusives.<\/p>\r\n<p><strong>R\u00e9tromobile du 6 au 10 f\u00e9vrier 2019<br \/><\/strong><strong>Parc des expositions de la Porte de Versailles.<br \/><a href=\"https:\/\/www.retromobile.fr\/\" target=\"_blank\" rel=\"noopener noreferrer\">Site officiel<\/a><br \/><\/strong><\/p>\r\n<\/div>\r\n<\/div>\r\n<p>&#8212;&#8211;<\/p>\r\n<h2><strong>V6 &#8211; Margot lafitte &#8211; Antony Beltoise<br \/><\/strong><\/h2>\r\n<p>Une \u00e9mission tr\u00e8s sympa avec toujours une s\u00e9quence &#8220;essais vintage&#8221;. Cette fois, Anthony Beltoise essaye une Howmet TX. Avec une turbine Un exemplaire unique au monde dans tous les sens du terme&#8230;<\/p>\r\n<p><iframe title=\"Elle fait un bruit d\u2019h\u00e9licopt\u00e8re ! - Les essais Vintage de V6\" width=\"900\" height=\"506\" src=\"https:\/\/www.youtube.com\/embed\/ShO80mDDgPg?feature=oembed\" frameborder=\"0\" allow=\"accelerometer; autoplay; encrypted-media; gyroscope; picture-in-picture\" allowfullscreen><\/iframe><\/p>\r\n<p>&#8212;&#8211;<\/p>\r\n<h2><strong>Ferrari 250 GTO \/ Petrolicious&#8230; <br \/><\/strong><\/h2>\r\n<p>Des millions de $ mais m\u00eame pas peur&#8230;<\/p>\r\n<p><iframe title=\"7 Minutes Of Pure Ferrari 250 GTO Hillclimb Bliss\" width=\"900\" height=\"506\" src=\"https:\/\/www.youtube.com\/embed\/KHgD0wJGcR0?feature=oembed\" frameborder=\"0\" allow=\"accelerometer; autoplay; encrypted-media; gyroscope; picture-in-picture\" allowfullscreen><\/iframe><\/p>\r\n<p>&#8212;&#8211;<\/p>\r\n<h2><strong>19\u00e8me travers\u00e9e de Paris<\/strong><\/h2>\r\n<p>Vincennes en Anciennes propose un voyage dans l\u2019imaginaire ou dans l\u2019enfance, aux participants de la 19e Travers\u00e9e de Paris hivernale, dimanche 13 janvier 2019, avec le th\u00e8me de cette \u00e9dition la <strong>Bande Dessin\u00e9e<\/strong>. L\u2019itin\u00e9raire d\u2019une trentaine de kilom\u00e8tres suivra les traces d\u2019Ad\u00e8le Blanc-Sec, de Nestor Burma, Blake et Mortimer, Michel Vaillant, \u2026,\u00a0 une exp\u00e9rience in\u00e9dite o\u00f9 la fiction c\u00f4toiera la r\u00e9alit\u00e9 !<\/p>\r\n<p><em><strong><a href=\"http:\/\/www.vincennesenanciennes.com\/2018\/12\/20\/inscription-19eme-traversee-de-paris-hivernale-des-vehicules-depoque\/\" target=\"_blank\" rel=\"noopener noreferrer\">Toutes les infos sur le site VEA<\/a><\/strong><\/em><\/p>\r\n<p><iframe title=\"Travers\u00e9e de Paris 2018 - Le trafic auto parisien, version r\u00e9tro !\" width=\"900\" height=\"506\" src=\"https:\/\/www.youtube.com\/embed\/HLxiiWdFufY?feature=oembed\" frameborder=\"0\" allow=\"accelerometer; autoplay; encrypted-media; gyroscope; picture-in-picture\" allowfullscreen><\/iframe><\/p>\r\n<hr \/>\r\n<h2 class=\"wpape_shortcode\"><strong>Classic Days<\/strong><\/h2>\r\n<div>\u00a0<\/div>\r\n<div><img loading=\"lazy\" class=\" wp-image-1223 alignleft\" src=\"http:\/\/clubchicane.fr\/wp-content\/uploads\/2019\/01\/CD19-fr.jpg\" alt=\"\" width=\"120\" height=\"168\" srcset=\"https:\/\/clubchicane.fr\/wp-content\/uploads\/2019\/01\/CD19-fr.jpg 1060w, https:\/\/clubchicane.fr\/wp-content\/uploads\/2019\/01\/CD19-fr-215x300.jpg 215w, https:\/\/clubchicane.fr\/wp-content\/uploads\/2019\/01\/CD19-fr-768x1072.jpg 768w, https:\/\/clubchicane.fr\/wp-content\/uploads\/2019\/01\/CD19-fr-734x1024.jpg 734w\" sizes=\"(max-width: 120px) 100vw, 120px\" \/><\/div>\r\n<div>Une manifestation incontournable pour qui aime les anciennes<br \/>Fa\u00eetes donc un tour sur le <em><strong><a href=\"https:\/\/www.classic-days.fr\/fr\/accueil.php\" target=\"_blank\" rel=\"noopener noreferrer\">site officiel<\/a><\/strong><\/em> pour voir et revoir toutes les \u00e9ditions.<br \/>\u00c0 noter : pour la premi\u00e8re fois l&#8217;\u00e9dition 2019 aura lieu au Mans et non \u00e0 Magny-cours<\/div>\r\n<div>\u00a0<\/div>\r\n<div>\r\n<div>DEUX JOURS DE GRAND SPECTACLE<\/div>\r\n<div>Avec plus de 30 000 personnes et pr\u00e8s de 2 000 voitures<\/div>\r\n<div>sur l\u2019\u00e9dition 2018, tous les ingr\u00e9dients \u00e9taient r\u00e9unis pour que<\/div>\r\n<div>cette grande messe du sport automobile s\u2019inscrive dans la<\/div>\r\n<div>continuit\u00e9 des pr\u00e9c\u00e9dentes avec un succ\u00e8s croissant.<\/div>\r\n<div>Pour preuve, pr\u00e9c\u00e9demment organis\u00e9 sur le circuit de Nevers<\/div>\r\n<div>Magny-Cours, les Classic Days changent de cadre et ouvrent<\/div>\r\n<div>leurs portes en r\u00e9gion Sarthoise sur le l\u00e9gendaire circuit du<\/div>\r\n<div>Mans Bugatti, les 6 et 7 juillet 2019<\/div>\r\n<div>\u00a0<\/div>\r\n<div>A l\u2019occasion, pleins phares sur deux \u00e9v\u00e9nements majeurs :<\/div>\r\n<div>G\u00e9rard LARROUSSE \u00e0 l\u2019honneur et les 100 ans de la marque<\/div>\r\n<div>Bentley. Un week-end magique et incontournable pour tous les passionn\u00e9s d\u2019automobiles.<\/div>\r\n<\/div>\r\n<div>\u00a0<\/div>\r\n<div>&#8212;&#8211;<\/div>\r\n<h2><strong>Le Mans Classic<\/strong><\/h2>\r\n<div>Organis\u00e9 par l&#8217;excellent Peter Auto, Le Mans Classic est THE PLACE TO BE ! 3 jours de folie ou le ma\u00eetre mot est GAZ !!!!!<\/div>\r\n<div>\u00a0<\/div>\r\n<p><iframe title=\"Le Mans Classic 2018 - LE FILM\" width=\"900\" height=\"506\" src=\"https:\/\/www.youtube.com\/embed\/7lWUUQKgC_w?feature=oembed\" frameborder=\"0\" allow=\"accelerometer; autoplay; encrypted-media; gyroscope; picture-in-picture\" allowfullscreen><\/iframe><\/p>\r\n<div>\r\n<p>&#8212;&#8211;<\/p>\r\n<h2><strong>Oops i did it again&#8230;<\/strong><\/h2>\r\n<div>Quand \u00e7a se passe pas forc\u00e9ment comme pr\u00e9vu.<\/div>\r\n<div>\u00a0<\/div>\r\n<\/div>\r\n<div>\r\n<p><iframe title=\"FUNNY RACING 3! Fails, Hilarious Situations and Commentaries of 2018-2020 Compilation\" width=\"900\" height=\"506\" src=\"https:\/\/www.youtube.com\/embed\/K5cJd41EHPw?feature=oembed\" frameborder=\"0\" allow=\"accelerometer; autoplay; encrypted-media; gyroscope; picture-in-picture\" allowfullscreen><\/iframe><\/p>\r\n<\/div>\r\n","protected":false},"excerpt":{"rendered":"<p>Presse, vid\u00e9os, photos, le Club Chicane vous pr\u00e9sente une partie de ce que nous avons rep\u00e9r\u00e9 sur la toile ou dans la presse. Motosport.tv On se souviendra qu&#8217;en mars 2020 nous \u00e9tions confin\u00e9s \u00e0 la maison pour cause de m\u00e9chant virus plan\u00e9taire&#8230; Pour passer le temps on avait l&#8217;archive du Mans disponible sur Motorsport.tv avec\u00a070 [&hellip;]<\/p>\n","protected":false},"author":1,"featured_media":0,"parent":0,"menu_order":0,"comment_status":"closed","ping_status":"closed","template":"fullwidth.php","meta":[],"_links":{"self":[{"href":"https:\/\/clubchicane.fr\/index.php\/wp-json\/wp\/v2\/pages\/76"}],"collection":[{"href":"https:\/\/clubchicane.fr\/index.php\/wp-json\/wp\/v2\/pages"}],"about":[{"href":"https:\/\/clubchicane.fr\/index.php\/wp-json\/wp\/v2\/types\/page"}],"author":[{"embeddable":true,"href":"https:\/\/clubchicane.fr\/index.php\/wp-json\/wp\/v2\/users\/1"}],"replies":[{"embeddable":true,"href":"https:\/\/clubchicane.fr\/index.php\/wp-json\/wp\/v2\/comments?post=76"}],"version-history":[{"count":50,"href":"https:\/\/clubchicane.fr\/index.php\/wp-json\/wp\/v2\/pages\/76\/revisions"}],"predecessor-version":[{"id":1641,"href":"https:\/\/clubchicane.fr\/index.php\/wp-json\/wp\/v2\/pages\/76\/revisions\/1641"}],"wp:attachment":[{"href":"https:\/\/clubchicane.fr\/index.php\/wp-json\/wp\/v2\/media?parent=76"}],"curies":[{"name":"wp","href":"https:\/\/api.w.org\/{rel}","templated":true}]}}